{"id":2,"date":"2024-04-11T11:31:09","date_gmt":"2024-04-11T11:31:09","guid":{"rendered":"https:\/\/romosport.rkinformatika.online\/?page_id=2"},"modified":"2024-04-17T09:29:28","modified_gmt":"2024-04-17T09:29:28","slug":"inicio","status":"publish","type":"page","link":"https:\/\/romosport.com\/eus\/","title":{"rendered":"Hasiera"},"content":{"rendered":"<div data-elementor-type=\"wp-page\" data-elementor-id=\"2\" class=\"elementor elementor-2\" data-elementor-post-type=\"page\">\n\t\t\t\t<div class=\"elementor-element elementor-element-94e8b19 e-flex e-con-boxed e-con e-parent\" data-id=\"94e8b19\" data-element_type=\"container\" data-e-type=\"container\" data-settings=\"{&quot;background_background&quot;:&quot;classic&quot;}\">\n\t\t\t\t\t<div class=\"e-con-inner\">\n\t\t\t\t<div class=\"elementor-element elementor-element-643ac02 elementor-widget elementor-widget-heading\" data-id=\"643ac02\" data-element_type=\"widget\" data-e-type=\"widget\" data-widget_type=\"heading.default\">\n\t\t\t\t<div class=\"elementor-widget-container\">\n\t\t\t\t\t<h2 class=\"elementor-heading-title elementor-size-default\">ONGI ETORRI ROMOSPORT TAILERRETARA<\/h2>\t\t\t\t<\/div>\n\t\t\t\t<\/div>\n\t\t\t\t\t<\/div>\n\t\t\t\t<\/div>\n\t\t\t\t<section class=\"elementor-section elementor-top-section elementor-element elementor-element-220c7fe2 elementor-section-boxed elementor-section-height-default elementor-section-height-default elementor-invisible\" data-id=\"220c7fe2\" data-element_type=\"section\" data-e-type=\"section\" data-settings=\"{&quot;animation&quot;:&quot;fadeInUp&quot;}\">\n\t\t\t\t\t\t<div class=\"elementor-container elementor-column-gap-default\">\n\t\t\t\t\t<div class=\"elementor-column elementor-col-100 elementor-top-column elementor-element elementor-element-3806e32f\" data-id=\"3806e32f\" data-element_type=\"column\" data-e-type=\"column\">\n\t\t\t<div class=\"elementor-widget-wrap elementor-element-populated\">\n\t\t\t\t\t\t<section class=\"elementor-section elementor-inner-section elementor-element elementor-element-e04c0f4 elementor-section-full_width elementor-reverse-mobile elementor-section-height-default elementor-section-height-default\" data-id=\"e04c0f4\" data-element_type=\"section\" data-e-type=\"section\">\n\t\t\t\t\t\t<div class=\"elementor-container elementor-column-gap-default\">\n\t\t\t\t\t<div class=\"elementor-column elementor-col-50 elementor-inner-column elementor-element elementor-element-169ee10\" data-id=\"169ee10\" data-element_type=\"column\" data-e-type=\"column\">\n\t\t\t<div class=\"elementor-widget-wrap elementor-element-populated\">\n\t\t\t\t\t\t<div class=\"elementor-element elementor-element-745f0068 elementor-widget elementor-widget-image\" data-id=\"745f0068\" data-element_type=\"widget\" data-e-type=\"widget\" data-widget_type=\"image.default\">\n\t\t\t\t<div class=\"elementor-widget-container\">\n\t\t\t\t\t\t\t\t\t\t\t\t\t\t\t<img fetchpriority=\"high\" decoding=\"async\" width=\"800\" height=\"581\" src=\"https:\/\/romosport.com\/wp-content\/uploads\/2024\/04\/PUERTA-e1712915366143-1024x744.jpeg\" class=\"attachment-large size-large wp-image-138\" alt=\"\" srcset=\"https:\/\/romosport.com\/wp-content\/uploads\/2024\/04\/PUERTA-e1712915366143-1024x744.jpeg 1024w, https:\/\/romosport.com\/wp-content\/uploads\/2024\/04\/PUERTA-e1712915366143-300x218.jpeg 300w, https:\/\/romosport.com\/wp-content\/uploads\/2024\/04\/PUERTA-e1712915366143-768x558.jpeg 768w, https:\/\/romosport.com\/wp-content\/uploads\/2024\/04\/PUERTA-e1712915366143-1536x1116.jpeg 1536w, https:\/\/romosport.com\/wp-content\/uploads\/2024\/04\/PUERTA-e1712915366143-18x12.jpeg 18w, https:\/\/romosport.com\/wp-content\/uploads\/2024\/04\/PUERTA-e1712915366143.jpeg 2048w\" sizes=\"(max-width: 800px) 100vw, 800px\" \/>\t\t\t\t\t\t\t\t\t\t\t\t\t\t\t<\/div>\n\t\t\t\t<\/div>\n\t\t\t\t\t<\/div>\n\t\t<\/div>\n\t\t\t\t<div class=\"elementor-column elementor-col-50 elementor-inner-column elementor-element elementor-element-68bf6154\" data-id=\"68bf6154\" data-element_type=\"column\" data-e-type=\"column\">\n\t\t\t<div class=\"elementor-widget-wrap elementor-element-populated\">\n\t\t\t\t\t\t<div class=\"elementor-element elementor-element-17e273ff elementor-widget elementor-widget-heading\" data-id=\"17e273ff\" data-element_type=\"widget\" data-e-type=\"widget\" data-widget_type=\"heading.default\">\n\t\t\t\t<div class=\"elementor-widget-container\">\n\t\t\t\t\t<p class=\"elementor-heading-title elementor-size-default\">Guri Buruz<\/p>\t\t\t\t<\/div>\n\t\t\t\t<\/div>\n\t\t\t\t<div class=\"elementor-element elementor-element-1f83fb51 elementor-widget elementor-widget-text-editor\" data-id=\"1f83fb51\" data-element_type=\"widget\" data-e-type=\"widget\" data-widget_type=\"text-editor.default\">\n\t\t\t\t<div class=\"elementor-widget-container\">\n\t\t\t\t\t\t\t\t\t<p>Romosporten mota guztietako ibilgailuak konpontzen aritzen gara, 30 urtetik gorako esperientzia profesionalarekin. Kalitatearekin eta etengabeko eguneratzearekin dugun konpromisoak aukera ematen digu gure bezeroei zerbitzurik onena eskaintzeko. Aurrerapen teknologikoekiko ikuspegi proaktiboari eusten diogu, irtenbide eraginkorrak bermatzeko. Romosporten, harreman sendoak eraikitzen ditugu konfiantzan eta zerbitzuaren bikaintasunean oinarrituta. Konfiantza izan gugan, zure ibilgailua egoera ezin hobean mantentzeko.<\/p>\t\t\t\t\t\t\t\t<\/div>\n\t\t\t\t<\/div>\n\t\t\t\t\t<\/div>\n\t\t<\/div>\n\t\t\t\t\t<\/div>\n\t\t<\/section>\n\t\t\t\t\t<\/div>\n\t\t<\/div>\n\t\t\t\t\t<\/div>\n\t\t<\/section>\n\t\t\t\t<section class=\"elementor-section elementor-top-section elementor-element elementor-element-329ae567 elementor-section-full_width elementor-section-height-default elementor-section-height-default\" data-id=\"329ae567\" data-element_type=\"section\" data-e-type=\"section\" data-settings=\"{&quot;background_background&quot;:&quot;classic&quot;}\">\n\t\t\t\t\t\t\t<div class=\"elementor-background-overlay\"><\/div>\n\t\t\t\t\t\t\t<div class=\"elementor-container elementor-column-gap-default\">\n\t\t\t\t\t<div class=\"elementor-column elementor-col-100 elementor-top-column elementor-element elementor-element-69f8c121\" data-id=\"69f8c121\" data-element_type=\"column\" data-e-type=\"column\">\n\t\t\t<div class=\"elementor-widget-wrap elementor-element-populated\">\n\t\t\t\t\t\t<div class=\"elementor-element elementor-element-3c77416b elementor-widget elementor-widget-heading\" data-id=\"3c77416b\" data-element_type=\"widget\" data-e-type=\"widget\" data-widget_type=\"heading.default\">\n\t\t\t\t<div class=\"elementor-widget-container\">\n\t\t\t\t\t<p class=\"elementor-heading-title elementor-size-default\">Kalitatezko zerbitzu mekanikoak eskaintzen ditugu<\/p>\t\t\t\t<\/div>\n\t\t\t\t<\/div>\n\t\t\t\t<section class=\"elementor-section elementor-inner-section elementor-element elementor-element-32ed089f elementor-section-full_width animated-slow elementor-section-height-default elementor-section-height-default elementor-invisible\" data-id=\"32ed089f\" data-element_type=\"section\" data-e-type=\"section\" data-settings=\"{&quot;animation&quot;:&quot;fadeInUp&quot;}\">\n\t\t\t\t\t\t<div class=\"elementor-container elementor-column-gap-default\">\n\t\t\t\t\t<div class=\"elementor-column elementor-col-50 elementor-inner-column elementor-element elementor-element-4bf192fe\" data-id=\"4bf192fe\" data-element_type=\"column\" data-e-type=\"column\" data-settings=\"{&quot;background_background&quot;:&quot;classic&quot;}\">\n\t\t\t<div class=\"elementor-widget-wrap elementor-element-populated\">\n\t\t\t\t\t\t<div class=\"elementor-element elementor-element-795713dd elementor-position-left elementor-vertical-align-middle elementor-position-left elementor-widget elementor-widget-image-box\" data-id=\"795713dd\" data-element_type=\"widget\" data-e-type=\"widget\" data-widget_type=\"image-box.default\">\n\t\t\t\t<div class=\"elementor-widget-container\">\n\t\t\t\t\t<div class=\"elementor-image-box-wrapper\"><figure class=\"elementor-image-box-img\"><a href=\"#\" tabindex=\"-1\"><img decoding=\"async\" width=\"50\" height=\"50\" src=\"https:\/\/romosport.com\/wp-content\/uploads\/2024\/04\/car-engine_5557403_related_id5557403originsearch-1.png\" class=\"attachment-full size-full wp-image-85\" alt=\"\" srcset=\"https:\/\/romosport.com\/wp-content\/uploads\/2024\/04\/car-engine_5557403_related_id5557403originsearch-1.png 50w, https:\/\/romosport.com\/wp-content\/uploads\/2024\/04\/car-engine_5557403_related_id5557403originsearch-1-12x12.png 12w\" sizes=\"(max-width: 50px) 100vw, 50px\" \/><\/a><\/figure><div class=\"elementor-image-box-content\"><h6 class=\"elementor-image-box-title\"><a href=\"#\">Motorra berrikustea<\/a><\/h6><\/div><\/div>\t\t\t\t<\/div>\n\t\t\t\t<\/div>\n\t\t\t\t<div class=\"elementor-element elementor-element-70711d2a elementor-position-left elementor-vertical-align-middle elementor-position-left elementor-widget elementor-widget-image-box\" data-id=\"70711d2a\" data-element_type=\"widget\" data-e-type=\"widget\" data-widget_type=\"image-box.default\">\n\t\t\t\t<div class=\"elementor-widget-container\">\n\t\t\t\t\t<div class=\"elementor-image-box-wrapper\"><figure class=\"elementor-image-box-img\"><a href=\"#\" tabindex=\"-1\"><img decoding=\"async\" width=\"50\" height=\"50\" src=\"https:\/\/romosport.com\/wp-content\/uploads\/2024\/04\/disc-brake_3003608_termbrakepage1position4page1position4related_id3003608originsearch.png\" class=\"attachment-full size-full wp-image-86\" alt=\"\" srcset=\"https:\/\/romosport.com\/wp-content\/uploads\/2024\/04\/disc-brake_3003608_termbrakepage1position4page1position4related_id3003608originsearch.png 50w, https:\/\/romosport.com\/wp-content\/uploads\/2024\/04\/disc-brake_3003608_termbrakepage1position4page1position4related_id3003608originsearch-12x12.png 12w\" sizes=\"(max-width: 50px) 100vw, 50px\" \/><\/a><\/figure><div class=\"elementor-image-box-content\"><h6 class=\"elementor-image-box-title\"><a href=\"#\">Balaztak konpontzeko zerbitzua<\/a><\/h6><\/div><\/div>\t\t\t\t<\/div>\n\t\t\t\t<\/div>\n\t\t\t\t<div class=\"elementor-element elementor-element-1193efcb elementor-position-left elementor-vertical-align-middle elementor-position-left elementor-widget elementor-widget-image-box\" data-id=\"1193efcb\" data-element_type=\"widget\" data-e-type=\"widget\" data-widget_type=\"image-box.default\">\n\t\t\t\t<div class=\"elementor-widget-container\">\n\t\t\t\t\t<div class=\"elementor-image-box-wrapper\"><figure class=\"elementor-image-box-img\"><a href=\"#\" tabindex=\"-1\"><img loading=\"lazy\" decoding=\"async\" width=\"50\" height=\"50\" src=\"https:\/\/romosport.com\/wp-content\/uploads\/2024\/04\/oil_1793227_termoilpage1position74page1position74related_id1793227originsearch-1.png\" class=\"attachment-full size-full wp-image-88\" alt=\"\" srcset=\"https:\/\/romosport.com\/wp-content\/uploads\/2024\/04\/oil_1793227_termoilpage1position74page1position74related_id1793227originsearch-1.png 50w, https:\/\/romosport.com\/wp-content\/uploads\/2024\/04\/oil_1793227_termoilpage1position74page1position74related_id1793227originsearch-1-12x12.png 12w\" sizes=\"(max-width: 50px) 100vw, 50px\" \/><\/a><\/figure><div class=\"elementor-image-box-content\"><h6 class=\"elementor-image-box-title\"><a href=\"#\">Olio-iragazkia aldatzea<\/a><\/h6><\/div><\/div>\t\t\t\t<\/div>\n\t\t\t\t<\/div>\n\t\t\t\t<div class=\"elementor-element elementor-element-308fd320 elementor-position-left elementor-vertical-align-middle elementor-position-left elementor-widget elementor-widget-image-box\" data-id=\"308fd320\" data-element_type=\"widget\" data-e-type=\"widget\" data-widget_type=\"image-box.default\">\n\t\t\t\t<div class=\"elementor-widget-container\">\n\t\t\t\t\t<div class=\"elementor-image-box-wrapper\"><figure class=\"elementor-image-box-img\"><a href=\"#\" tabindex=\"-1\"><img loading=\"lazy\" decoding=\"async\" width=\"55\" height=\"55\" src=\"https:\/\/romosport.com\/wp-content\/uploads\/2024\/04\/wrench_2092041_termrepairpage1position4page1position4related_id2092041originsearch-1.png\" class=\"attachment-full size-full wp-image-90\" alt=\"\" srcset=\"https:\/\/romosport.com\/wp-content\/uploads\/2024\/04\/wrench_2092041_termrepairpage1position4page1position4related_id2092041originsearch-1.png 55w, https:\/\/romosport.com\/wp-content\/uploads\/2024\/04\/wrench_2092041_termrepairpage1position4page1position4related_id2092041originsearch-1-12x12.png 12w\" sizes=\"(max-width: 55px) 100vw, 55px\" \/><\/a><\/figure><div class=\"elementor-image-box-content\"><h6 class=\"elementor-image-box-title\"><a href=\"#\">Isuriak konpontzea<\/a><\/h6><\/div><\/div>\t\t\t\t<\/div>\n\t\t\t\t<\/div>\n\t\t\t\t\t<\/div>\n\t\t<\/div>\n\t\t\t\t<div class=\"elementor-column elementor-col-50 elementor-inner-column elementor-element elementor-element-343bd039 elementor-invisible\" data-id=\"343bd039\" data-element_type=\"column\" data-e-type=\"column\" data-settings=\"{&quot;background_background&quot;:&quot;classic&quot;,&quot;animation&quot;:&quot;fadeInUp&quot;}\">\n\t\t\t<div class=\"elementor-widget-wrap elementor-element-populated\">\n\t\t\t\t\t\t<div class=\"elementor-element elementor-element-2c0163fa elementor-widget elementor-widget-image\" data-id=\"2c0163fa\" data-element_type=\"widget\" data-e-type=\"widget\" data-widget_type=\"image.default\">\n\t\t\t\t<div class=\"elementor-widget-container\">\n\t\t\t\t\t\t\t\t\t\t\t\t\t\t\t<img loading=\"lazy\" decoding=\"async\" width=\"790\" height=\"352\" src=\"https:\/\/romosport.com\/wp-content\/uploads\/2024\/04\/Bitmap3.jpg\" class=\"attachment-full size-full wp-image-91\" alt=\"\" srcset=\"https:\/\/romosport.com\/wp-content\/uploads\/2024\/04\/Bitmap3.jpg 790w, https:\/\/romosport.com\/wp-content\/uploads\/2024\/04\/Bitmap3-300x134.jpg 300w, https:\/\/romosport.com\/wp-content\/uploads\/2024\/04\/Bitmap3-768x342.jpg 768w, https:\/\/romosport.com\/wp-content\/uploads\/2024\/04\/Bitmap3-18x8.jpg 18w\" sizes=\"(max-width: 790px) 100vw, 790px\" \/>\t\t\t\t\t\t\t\t\t\t\t\t\t\t\t<\/div>\n\t\t\t\t<\/div>\n\t\t\t\t\t<\/div>\n\t\t<\/div>\n\t\t\t\t\t<\/div>\n\t\t<\/section>\n\t\t\t\t\t<\/div>\n\t\t<\/div>\n\t\t\t\t\t<\/div>\n\t\t<\/section>\n\t\t\t\t<section class=\"elementor-section elementor-top-section elementor-element elementor-element-1dc3c47a animated-slow elementor-section-boxed elementor-section-height-default elementor-section-height-default elementor-invisible\" data-id=\"1dc3c47a\" data-element_type=\"section\" data-e-type=\"section\" data-settings=\"{&quot;animation&quot;:&quot;fadeInUp&quot;}\">\n\t\t\t\t\t\t<div class=\"elementor-container elementor-column-gap-default\">\n\t\t\t\t\t<div class=\"elementor-column elementor-col-50 elementor-top-column elementor-element elementor-element-737b16a1\" data-id=\"737b16a1\" data-element_type=\"column\" data-e-type=\"column\">\n\t\t\t<div class=\"elementor-widget-wrap elementor-element-populated\">\n\t\t\t\t\t\t<div class=\"elementor-element elementor-element-64933028 elementor-widget elementor-widget-heading\" data-id=\"64933028\" data-element_type=\"widget\" data-e-type=\"widget\" data-widget_type=\"heading.default\">\n\t\t\t\t<div class=\"elementor-widget-container\">\n\t\t\t\t\t<p class=\"elementor-heading-title elementor-size-default\">Zergatik aukeratu<\/p>\t\t\t\t<\/div>\n\t\t\t\t<\/div>\n\t\t\t\t<div class=\"elementor-element elementor-element-54bd427c elementor-widget elementor-widget-text-editor\" data-id=\"54bd427c\" data-element_type=\"widget\" data-e-type=\"widget\" data-widget_type=\"text-editor.default\">\n\t\t\t\t<div class=\"elementor-widget-container\">\n\t\t\t\t\t\t\t\t\t<p>Gure tailerrean, gure bezeroei esperientzia aparta eta emaitza hobeak eskaintzen saiatzen gara bisita bakoitzean.<\/p><p><strong>1. Esperientzia:<\/strong> 30 urte baino gehiago daramatzagu sektorean, eta gure esperientzia profesionalak lider gisa kokatzen gaitu ibilgailuak konpontzeko eta mantentzeko merkatuan.<\/p><p><strong>2. Kalitatearekiko konpromisoa:<\/strong> Azken belaunaldiko ekipoak eta kalitate handiko produktuak erabiltzen ditugu gure bezeroen gogobetetasuna eta ibilgailuen funtzionamendu egokia bermatzeko.<\/p><p><strong>3. Gardentasuna eta konfiantza:<\/strong> Bezeroekiko komunikazioan dugun ikuspegi gardenak, gure zintzotasun eta profesionaltasunarekin batera, konfiantzazko harreman iraunkorrak eraikitzen ditu.<\/p><p><strong>4. Gaitasun handiko langileak:<\/strong> Gure teknikari eta mekanikari taldea oso gaituta eta ziurtatuta dago lehen mailako zerbitzua eskaintzeko bere burua konpontzeko eta mantentzeko arlo guztietan.<\/p><p><strong>5. Arreta pertsonalizatua:<\/strong> Bezero bakoitzaren beharrizan indibidualez arduratzen gara, irtenbide pertsonalizatuak eta aholkularitza aditua eskainiz, ibilgailuak egoera ezin hobean mantentzeko.<\/p>\t\t\t\t\t\t\t\t<\/div>\n\t\t\t\t<\/div>\n\t\t\t\t\t<\/div>\n\t\t<\/div>\n\t\t\t\t<div class=\"elementor-column elementor-col-50 elementor-top-column elementor-element elementor-element-197ea74d elementor-hidden-tablet\" data-id=\"197ea74d\" data-element_type=\"column\" data-e-type=\"column\">\n\t\t\t<div class=\"elementor-widget-wrap elementor-element-populated\">\n\t\t\t\t\t\t<div class=\"elementor-element elementor-element-58106191 elementor-widget elementor-widget-image\" data-id=\"58106191\" data-element_type=\"widget\" data-e-type=\"widget\" data-widget_type=\"image.default\">\n\t\t\t\t<div class=\"elementor-widget-container\">\n\t\t\t\t\t\t\t\t\t\t\t\t\t\t\t<img loading=\"lazy\" decoding=\"async\" width=\"682\" height=\"1024\" src=\"https:\/\/romosport.com\/wp-content\/uploads\/2024\/04\/mechanic-working-in-a-car-682x1024.jpg\" class=\"attachment-large size-large wp-image-154\" alt=\"Mechanic working in a car\" srcset=\"https:\/\/romosport.com\/wp-content\/uploads\/2024\/04\/mechanic-working-in-a-car-682x1024.jpg 682w, https:\/\/romosport.com\/wp-content\/uploads\/2024\/04\/mechanic-working-in-a-car-200x300.jpg 200w, https:\/\/romosport.com\/wp-content\/uploads\/2024\/04\/mechanic-working-in-a-car-768x1152.jpg 768w, https:\/\/romosport.com\/wp-content\/uploads\/2024\/04\/mechanic-working-in-a-car-1024x1536.jpg 1024w, https:\/\/romosport.com\/wp-content\/uploads\/2024\/04\/mechanic-working-in-a-car-8x12.jpg 8w, https:\/\/romosport.com\/wp-content\/uploads\/2024\/04\/mechanic-working-in-a-car.jpg 1333w\" sizes=\"(max-width: 682px) 100vw, 682px\" \/>\t\t\t\t\t\t\t\t\t\t\t\t\t\t\t<\/div>\n\t\t\t\t<\/div>\n\t\t\t\t\t<\/div>\n\t\t<\/div>\n\t\t\t\t\t<\/div>\n\t\t<\/section>\n\t\t\t\t<\/div>","protected":false},"excerpt":{"rendered":"<p>BIENVENIDO A TALLERES Romosport Sobre Nosotros En Romosport nos dedicamos a la reparaci\u00f3n de todo tipo de veh\u00edculos, respaldados por m\u00e1s de 30 a\u00f1os de experiencia profesional. Nuestro compromiso con la calidad y la actualizaci\u00f3n constante nos permite ofrecer el mejor servicio a nuestros clientes. Mantenemos un enfoque proactivo hacia los avances tecnol\u00f3gicos para garantizar [&hellip;]<\/p>\n","protected":false},"author":1,"featured_media":0,"parent":0,"menu_order":0,"comment_status":"closed","ping_status":"closed","template":"elementor_canvas","meta":{"footnotes":""},"class_list":["post-2","page","type-page","status-publish","hentry"],"yoast_head":"<!-- This site is optimized with the Yoast SEO plugin v27.5 - https:\/\/yoast.com\/product\/yoast-seo-wordpress\/ -->\n<title>Inicio - Talleres Romosport<\/title>\n<meta name=\"robots\" content=\"index, follow, max-snippet:-1, max-image-preview:large, max-video-preview:-1\" \/>\n<link rel=\"canonical\" href=\"https:\/\/romosport.com\/eus\/\" \/>\n<meta property=\"og:locale\" content=\"en_US\" \/>\n<meta property=\"og:type\" content=\"article\" \/>\n<meta property=\"og:title\" content=\"Inicio - Talleres Romosport\" \/>\n<meta property=\"og:description\" content=\"BIENVENIDO A TALLERES Romosport Sobre Nosotros En Romosport nos dedicamos a la reparaci\u00f3n de todo tipo de veh\u00edculos, respaldados por m\u00e1s de 30 a\u00f1os de experiencia profesional. Nuestro compromiso con la calidad y la actualizaci\u00f3n constante nos permite ofrecer el mejor servicio a nuestros clientes. Mantenemos un enfoque proactivo hacia los avances tecnol\u00f3gicos para garantizar [&hellip;]\" \/>\n<meta property=\"og:url\" content=\"https:\/\/romosport.com\/eus\/\" \/>\n<meta property=\"og:site_name\" content=\"Talleres Romosport\" \/>\n<meta property=\"article:modified_time\" content=\"2024-04-17T09:29:28+00:00\" \/>\n<meta property=\"og:image\" content=\"https:\/\/romosport.com\/wp-content\/uploads\/2024\/04\/PUERTA-e1712915366143-1024x744.jpeg\" \/>\n<meta name=\"twitter:card\" content=\"summary_large_image\" \/>\n<meta name=\"twitter:label1\" content=\"Est. reading time\" \/>\n\t<meta name=\"twitter:data1\" content=\"1 minutua\" \/>\n<script type=\"application\/ld+json\" class=\"yoast-schema-graph\">{\"@context\":\"https:\\\/\\\/schema.org\",\"@graph\":[{\"@type\":\"WebPage\",\"@id\":\"https:\\\/\\\/romosport.com\\\/\",\"url\":\"https:\\\/\\\/romosport.com\\\/\",\"name\":\"Inicio - Talleres Romosport\",\"isPartOf\":{\"@id\":\"https:\\\/\\\/romosport.com\\\/#website\"},\"primaryImageOfPage\":{\"@id\":\"https:\\\/\\\/romosport.com\\\/#primaryimage\"},\"image\":{\"@id\":\"https:\\\/\\\/romosport.com\\\/#primaryimage\"},\"thumbnailUrl\":\"https:\\\/\\\/romosport.com\\\/wp-content\\\/uploads\\\/2024\\\/04\\\/PUERTA-e1712915366143-1024x744.jpeg\",\"datePublished\":\"2024-04-11T11:31:09+00:00\",\"dateModified\":\"2024-04-17T09:29:28+00:00\",\"breadcrumb\":{\"@id\":\"https:\\\/\\\/romosport.com\\\/#breadcrumb\"},\"inLanguage\":\"eu\",\"potentialAction\":[{\"@type\":\"ReadAction\",\"target\":[\"https:\\\/\\\/romosport.com\\\/\"]}]},{\"@type\":\"ImageObject\",\"inLanguage\":\"eu\",\"@id\":\"https:\\\/\\\/romosport.com\\\/#primaryimage\",\"url\":\"https:\\\/\\\/romosport.com\\\/wp-content\\\/uploads\\\/2024\\\/04\\\/PUERTA-e1712915366143-1024x744.jpeg\",\"contentUrl\":\"https:\\\/\\\/romosport.com\\\/wp-content\\\/uploads\\\/2024\\\/04\\\/PUERTA-e1712915366143-1024x744.jpeg\"},{\"@type\":\"BreadcrumbList\",\"@id\":\"https:\\\/\\\/romosport.com\\\/#breadcrumb\",\"itemListElement\":[{\"@type\":\"ListItem\",\"position\":1,\"name\":\"Portada\",\"item\":\"https:\\\/\\\/romosport.com\\\/\"},{\"@type\":\"ListItem\",\"position\":2,\"name\":\"Inicio\"}]},{\"@type\":\"WebSite\",\"@id\":\"https:\\\/\\\/romosport.com\\\/#website\",\"url\":\"https:\\\/\\\/romosport.com\\\/\",\"name\":\"Talleres Romosport\",\"description\":\"\",\"publisher\":{\"@id\":\"https:\\\/\\\/romosport.com\\\/#organization\"},\"potentialAction\":[{\"@type\":\"SearchAction\",\"target\":{\"@type\":\"EntryPoint\",\"urlTemplate\":\"https:\\\/\\\/romosport.com\\\/?s={search_term_string}\"},\"query-input\":{\"@type\":\"PropertyValueSpecification\",\"valueRequired\":true,\"valueName\":\"search_term_string\"}}],\"inLanguage\":\"eu\"},{\"@type\":\"Organization\",\"@id\":\"https:\\\/\\\/romosport.com\\\/#organization\",\"name\":\"Talleres Romosport\",\"url\":\"https:\\\/\\\/romosport.com\\\/\",\"logo\":{\"@type\":\"ImageObject\",\"inLanguage\":\"eu\",\"@id\":\"https:\\\/\\\/romosport.com\\\/#\\\/schema\\\/logo\\\/image\\\/\",\"url\":\"https:\\\/\\\/romosport.com\\\/wp-content\\\/uploads\\\/2024\\\/04\\\/cropped-Logotipo-romosport.png\",\"contentUrl\":\"https:\\\/\\\/romosport.com\\\/wp-content\\\/uploads\\\/2024\\\/04\\\/cropped-Logotipo-romosport.png\",\"width\":334,\"height\":111,\"caption\":\"Talleres Romosport\"},\"image\":{\"@id\":\"https:\\\/\\\/romosport.com\\\/#\\\/schema\\\/logo\\\/image\\\/\"}}]}<\/script>\n<!-- \/ Yoast SEO plugin. -->","yoast_head_json":{"title":"Inicio - Talleres Romosport","robots":{"index":"index","follow":"follow","max-snippet":"max-snippet:-1","max-image-preview":"max-image-preview:large","max-video-preview":"max-video-preview:-1"},"canonical":"https:\/\/romosport.com\/eus\/","og_locale":"en_US","og_type":"article","og_title":"Inicio - Talleres Romosport","og_description":"BIENVENIDO A TALLERES Romosport Sobre Nosotros En Romosport nos dedicamos a la reparaci\u00f3n de todo tipo de veh\u00edculos, respaldados por m\u00e1s de 30 a\u00f1os de experiencia profesional. Nuestro compromiso con la calidad y la actualizaci\u00f3n constante nos permite ofrecer el mejor servicio a nuestros clientes. Mantenemos un enfoque proactivo hacia los avances tecnol\u00f3gicos para garantizar [&hellip;]","og_url":"https:\/\/romosport.com\/eus\/","og_site_name":"Talleres Romosport","article_modified_time":"2024-04-17T09:29:28+00:00","og_image":[{"url":"https:\/\/romosport.com\/wp-content\/uploads\/2024\/04\/PUERTA-e1712915366143-1024x744.jpeg","type":"","width":"","height":""}],"twitter_card":"summary_large_image","twitter_misc":{"Est. reading time":"1 minutua"},"schema":{"@context":"https:\/\/schema.org","@graph":[{"@type":"WebPage","@id":"https:\/\/romosport.com\/","url":"https:\/\/romosport.com\/","name":"Inicio - Talleres Romosport","isPartOf":{"@id":"https:\/\/romosport.com\/#website"},"primaryImageOfPage":{"@id":"https:\/\/romosport.com\/#primaryimage"},"image":{"@id":"https:\/\/romosport.com\/#primaryimage"},"thumbnailUrl":"https:\/\/romosport.com\/wp-content\/uploads\/2024\/04\/PUERTA-e1712915366143-1024x744.jpeg","datePublished":"2024-04-11T11:31:09+00:00","dateModified":"2024-04-17T09:29:28+00:00","breadcrumb":{"@id":"https:\/\/romosport.com\/#breadcrumb"},"inLanguage":"eu","potentialAction":[{"@type":"ReadAction","target":["https:\/\/romosport.com\/"]}]},{"@type":"ImageObject","inLanguage":"eu","@id":"https:\/\/romosport.com\/#primaryimage","url":"https:\/\/romosport.com\/wp-content\/uploads\/2024\/04\/PUERTA-e1712915366143-1024x744.jpeg","contentUrl":"https:\/\/romosport.com\/wp-content\/uploads\/2024\/04\/PUERTA-e1712915366143-1024x744.jpeg"},{"@type":"BreadcrumbList","@id":"https:\/\/romosport.com\/#breadcrumb","itemListElement":[{"@type":"ListItem","position":1,"name":"Portada","item":"https:\/\/romosport.com\/"},{"@type":"ListItem","position":2,"name":"Inicio"}]},{"@type":"WebSite","@id":"https:\/\/romosport.com\/#website","url":"https:\/\/romosport.com\/","name":"Talleres Romosport","description":"","publisher":{"@id":"https:\/\/romosport.com\/#organization"},"potentialAction":[{"@type":"SearchAction","target":{"@type":"EntryPoint","urlTemplate":"https:\/\/romosport.com\/?s={search_term_string}"},"query-input":{"@type":"PropertyValueSpecification","valueRequired":true,"valueName":"search_term_string"}}],"inLanguage":"eu"},{"@type":"Organization","@id":"https:\/\/romosport.com\/#organization","name":"Talleres Romosport","url":"https:\/\/romosport.com\/","logo":{"@type":"ImageObject","inLanguage":"eu","@id":"https:\/\/romosport.com\/#\/schema\/logo\/image\/","url":"https:\/\/romosport.com\/wp-content\/uploads\/2024\/04\/cropped-Logotipo-romosport.png","contentUrl":"https:\/\/romosport.com\/wp-content\/uploads\/2024\/04\/cropped-Logotipo-romosport.png","width":334,"height":111,"caption":"Talleres Romosport"},"image":{"@id":"https:\/\/romosport.com\/#\/schema\/logo\/image\/"}}]}},"_links":{"self":[{"href":"https:\/\/romosport.com\/eus\/wp-json\/wp\/v2\/pages\/2","targetHints":{"allow":["GET"]}}],"collection":[{"href":"https:\/\/romosport.com\/eus\/wp-json\/wp\/v2\/pages"}],"about":[{"href":"https:\/\/romosport.com\/eus\/wp-json\/wp\/v2\/types\/page"}],"author":[{"embeddable":true,"href":"https:\/\/romosport.com\/eus\/wp-json\/wp\/v2\/users\/1"}],"replies":[{"embeddable":true,"href":"https:\/\/romosport.com\/eus\/wp-json\/wp\/v2\/comments?post=2"}],"version-history":[{"count":49,"href":"https:\/\/romosport.com\/eus\/wp-json\/wp\/v2\/pages\/2\/revisions"}],"predecessor-version":[{"id":351,"href":"https:\/\/romosport.com\/eus\/wp-json\/wp\/v2\/pages\/2\/revisions\/351"}],"wp:attachment":[{"href":"https:\/\/romosport.com\/eus\/wp-json\/wp\/v2\/media?parent=2"}],"curies":[{"name":"wp","href":"https:\/\/api.w.org\/{rel}","templated":true}]}}